{"id":1454,"date":"2019-11-22T17:50:07","date_gmt":"2019-11-22T17:50:07","guid":{"rendered":"http:\/\/mm.atletaspopularesdeplasencia.com\/?page_id=1454"},"modified":"2019-11-22T18:19:12","modified_gmt":"2019-11-22T18:19:12","slug":"promociones","status":"publish","type":"page","link":"https:\/\/mmp.atletaspopularesdeplasencia.com\/?page_id=1454","title":{"rendered":"PROMOCIONES"},"content":{"rendered":"\n<p style=\"text-align:center\"><strong>\u00bfQUIERES CORRER TU PRIMERA MEDIA MARAT\u00d3N?<\/strong><\/p>\n\n\n\n<p style=\"text-align:center\"><strong>\u00a1PRESTA ATENCI\u00d3N!<\/strong><\/p>\n\n\n\n<p style=\"text-align:center\">&#x1f4a5;<em>SORTEO DE 10 PROGRAMAS DE ENTRENAMIENTO PERSONALIZADOS&#x1f4a5; por un entrenador personal, licenciado en ciencias de la actividad f\u00edsica y el deporte y experto en la preparaci\u00f3n de corredores<\/em><\/p>\n\n\n\n<p style=\"text-align:center\">\u00a0<strong>Debes cumplir los siguientes requisitos:<\/strong><\/p>\n\n\n\n<p style=\"text-align:center\">No haber corrido nunca una media marat\u00f3n<\/p>\n\n\n\n<p style=\"text-align:center\">&nbsp;&nbsp;&nbsp;&nbsp;&nbsp;&nbsp;&nbsp;&nbsp;&nbsp;&nbsp;&nbsp;Inscribirte\nen la VIII Media Marat\u00f3n de Plasencia<\/p>\n\n\n\n<p style=\"text-align:center\">\u00a0<strong>\u00bfC\u00f3mo participar?<\/strong><\/p>\n\n\n\n<p style=\"text-align:center\">1. &nbsp; &nbsp; &nbsp; Seguir al\nentrenador en Instagram @jorgenuiz.fisiotrainer<\/p>\n\n\n\n<p style=\"text-align:center\">2. &nbsp; &nbsp; &nbsp; Subir la foto\nrunera m\u00e1s original a Instragram, mencionar a @jorgenuiz.fisiotrainer y usar\nlos hashtags #fotorunera #alaprimeravalavencida&nbsp;<\/p>\n\n\n\n<p style=\"text-align:center\">3. &nbsp; &nbsp; &nbsp; Explicar por\nqu\u00e9 deber\u00edas ser seleccionado (Se valorar\u00e1 la originalidad*)<\/p>\n\n\n\n<p style=\"text-align:center\">Solo se exige compromiso para seguir los entrenamientos, cumplir los\nrequisitos y MUUUUUUUUUCHAS GANAS DE HACER ALGO GRANDE!!!!! &#x1f604;&#x1f604;<\/p>\n\n\n\n<p style=\"text-align:center\"><strong>El sorteo durar\u00e1 hasta el 1 de diciembre\u2026.. \u00bfte apuntas?\u00a0<\/strong><\/p>\n\n\n\n<p style=\"text-align:center\"><strong><a href=\"https:\/\/mmp.atletaspopularesdeplasencia.com\/sample-page\/\">Inscribete click aqui<\/a><\/strong><\/p>\n\n\n\n<p style=\"text-align:center\">*Se comunicar\u00e1n los ganadores a trav\u00e9s de los stories de instagram y\nse contactar\u00e1 por MD para comenzar*<\/p>\n","protected":false},"excerpt":{"rendered":"<p>\u00bfQUIERES CORRER TU PRIMERA MEDIA MARAT\u00d3N? \u00a1PRESTA ATENCI\u00d3N! &#x1f4a5;SORTEO DE 10 PROGRAMAS DE ENTRENAMIENTO PERSONALIZADOS&#x1f4a5; por un entrenador personal, licenciado en ciencias de la actividad f\u00edsica y el deporte y experto en la preparaci\u00f3n de corredores \u00a0Debes cumplir los siguientes requisitos: No haber corrido nunca una media marat\u00f3n &nbsp;&nbsp;&nbsp;&nbsp;&nbsp;&nbsp;&nbsp;&nbsp;&nbsp;&nbsp;&nbsp;Inscribirte en la VIII Media Marat\u00f3n de [&hellip;]<\/p>\n","protected":false},"author":1,"featured_media":0,"parent":0,"menu_order":0,"comment_status":"closed","ping_status":"closed","template":"","meta":{"site-sidebar-layout":"default","site-content-layout":"","ast-site-content-layout":"default","site-content-style":"default","site-sidebar-style":"default","ast-global-header-display":"","ast-banner-title-visibility":"","ast-main-header-display":"","ast-hfb-above-header-display":"","ast-hfb-below-header-display":"","ast-hfb-mobile-header-display":"","site-post-title":"","ast-breadcrumbs-content":"","ast-featured-img":"","footer-sml-layout":"","ast-disable-related-posts":"","theme-transparent-header-meta":"","adv-header-id-meta":"","stick-header-meta":"","header-above-stick-meta":"","header-main-stick-meta":"","header-below-stick-meta":"","astra-migrate-meta-layouts":"default","ast-page-background-enabled":"default","ast-page-background-meta":{"desktop":{"background-color":"var(--ast-global-color-4)","background-image":"","background-repeat":"repeat","background-position":"center center","background-size":"auto","background-attachment":"scroll","background-type":"","background-media":"","overlay-type":"","overlay-color":"","overlay-opacity":"","overlay-gradient":""},"tablet":{"background-color":"","background-image":"","background-repeat":"repeat","background-position":"center center","background-size":"auto","background-attachment":"scroll","background-type":"","background-media":"","overlay-type":"","overlay-color":"","overlay-opacity":"","overlay-gradient":""},"mobile":{"background-color":"","background-image":"","background-repeat":"repeat","background-position":"center center","background-size":"auto","background-attachment":"scroll","background-type":"","background-media":"","overlay-type":"","overlay-color":"","overlay-opacity":"","overlay-gradient":""}},"ast-content-background-meta":{"desktop":{"background-color":"var(--ast-global-color-5)","background-image":"","background-repeat":"repeat","background-position":"center center","background-size":"auto","background-attachment":"scroll","background-type":"","background-media":"","overlay-type":"","overlay-color":"","overlay-opacity":"","overlay-gradient":""},"tablet":{"background-color":"var(--ast-global-color-5)","background-image":"","background-repeat":"repeat","background-position":"center center","background-size":"auto","background-attachment":"scroll","background-type":"","background-media":"","overlay-type":"","overlay-color":"","overlay-opacity":"","overlay-gradient":""},"mobile":{"background-color":"var(--ast-global-color-5)","background-image":"","background-repeat":"repeat","background-position":"center center","background-size":"auto","background-attachment":"scroll","background-type":"","background-media":"","overlay-type":"","overlay-color":"","overlay-opacity":"","overlay-gradient":""}},"footnotes":""},"class_list":["post-1454","page","type-page","status-publish","hentry"],"jetpack_likes_enabled":true,"jetpack_sharing_enabled":true,"jetpack_shortlink":"https:\/\/wp.me\/P6YwxC-ns","post_mailing_queue_ids":[],"_links":{"self":[{"href":"https:\/\/mmp.atletaspopularesdeplasencia.com\/index.php?rest_route=\/wp\/v2\/pages\/1454","targetHints":{"allow":["GET"]}}],"collection":[{"href":"https:\/\/mmp.atletaspopularesdeplasencia.com\/index.php?rest_route=\/wp\/v2\/pages"}],"about":[{"href":"https:\/\/mmp.atletaspopularesdeplasencia.com\/index.php?rest_route=\/wp\/v2\/types\/page"}],"author":[{"embeddable":true,"href":"https:\/\/mmp.atletaspopularesdeplasencia.com\/index.php?rest_route=\/wp\/v2\/users\/1"}],"replies":[{"embeddable":true,"href":"https:\/\/mmp.atletaspopularesdeplasencia.com\/index.php?rest_route=%2Fwp%2Fv2%2Fcomments&post=1454"}],"version-history":[{"count":5,"href":"https:\/\/mmp.atletaspopularesdeplasencia.com\/index.php?rest_route=\/wp\/v2\/pages\/1454\/revisions"}],"predecessor-version":[{"id":1476,"href":"https:\/\/mmp.atletaspopularesdeplasencia.com\/index.php?rest_route=\/wp\/v2\/pages\/1454\/revisions\/1476"}],"wp:attachment":[{"href":"https:\/\/mmp.atletaspopularesdeplasencia.com\/index.php?rest_route=%2Fwp%2Fv2%2Fmedia&parent=1454"}],"curies":[{"name":"wp","href":"https:\/\/api.w.org\/{rel}","templated":true}]}}