{"id":1547,"date":"2020-01-29T16:15:33","date_gmt":"2020-01-29T16:15:33","guid":{"rendered":"http:\/\/mm.atletaspopularesdeplasencia.com\/?page_id=1547"},"modified":"2025-11-08T13:26:21","modified_gmt":"2025-11-08T13:26:21","slug":"diploma-2023","status":"publish","type":"page","link":"https:\/\/mmp.atletaspopularesdeplasencia.com\/?page_id=1547","title":{"rendered":"DIPLOMAS"},"content":{"rendered":"\r\n<p>\u00bfHas corrido la Media Marat\u00f3n de Plasencia en su IX Edici\u00f3n que ha tenido lugar el 2 de Febrero de 2025? Aqu\u00ed te damos la oportunidad de poder descargarte un diploma acreditativo de tu participaci\u00f3n. Tan s\u00f3lo tienes que introducir tu dorsal para generar tu diploma en formato PDF.<\/p>\r\n<p>En breve&#8230;<\/p>\r\n\r\n\r\n\r\n\r\n<!-- <p><a href=\"https:\/\/cutt.ly\/C3rALqm\" target=\"_blank\" rel=\"noopener\">Click aqui<\/a><\/p>-->\r\n<p>&nbsp;<\/p>\r\n\r\n\r\n\r\n<p>Si tienes problemas porque no se visualiza bien tu diploma o no te funciona bien la generaci\u00f3n contacta con nosotros en el siguiente e-mail:\u00a0<strong>comunicacion@atletaspopularesdeplasencia.com<\/strong><\/p>\r\n","protected":false},"excerpt":{"rendered":"<p>\u00bfHas corrido la Media Marat\u00f3n de Plasencia en su IX Edici\u00f3n que ha tenido lugar el 2 de Febrero de 2025? Aqu\u00ed te damos la oportunidad de poder descargarte un diploma acreditativo de tu participaci\u00f3n. Tan s\u00f3lo tienes que introducir tu dorsal para generar tu diploma en formato PDF. En breve&#8230; &nbsp; Si tienes problemas [&hellip;]<\/p>\n","protected":false},"author":1102,"featured_media":0,"parent":0,"menu_order":0,"comment_status":"closed","ping_status":"closed","template":"","meta":{"site-sidebar-layout":"default","site-content-layout":"","ast-site-content-layout":"default","site-content-style":"default","site-sidebar-style":"default","ast-global-header-display":"","ast-banner-title-visibility":"","ast-main-header-display":"","ast-hfb-above-header-display":"","ast-hfb-below-header-display":"","ast-hfb-mobile-header-display":"","site-post-title":"","ast-breadcrumbs-content":"","ast-featured-img":"","footer-sml-layout":"","ast-disable-related-posts":"","theme-transparent-header-meta":"default","adv-header-id-meta":"","stick-header-meta":"","header-above-stick-meta":"","header-main-stick-meta":"","header-below-stick-meta":"","astra-migrate-meta-layouts":"set","ast-page-background-enabled":"default","ast-page-background-meta":{"desktop":{"background-color":"var(--ast-global-color-4)","background-image":"","background-repeat":"repeat","background-position":"center center","background-size":"auto","background-attachment":"scroll","background-type":"","background-media":"","overlay-type":"","overlay-color":"","overlay-opacity":"","overlay-gradient":""},"tablet":{"background-color":"","background-image":"","background-repeat":"repeat","background-position":"center center","background-size":"auto","background-attachment":"scroll","background-type":"","background-media":"","overlay-type":"","overlay-color":"","overlay-opacity":"","overlay-gradient":""},"mobile":{"background-color":"","background-image":"","background-repeat":"repeat","background-position":"center center","background-size":"auto","background-attachment":"scroll","background-type":"","background-media":"","overlay-type":"","overlay-color":"","overlay-opacity":"","overlay-gradient":""}},"ast-content-background-meta":{"desktop":{"background-color":"var(--ast-global-color-5)","background-image":"","background-repeat":"repeat","background-position":"center center","background-size":"auto","background-attachment":"scroll","background-type":"","background-media":"","overlay-type":"","overlay-color":"","overlay-opacity":"","overlay-gradient":""},"tablet":{"background-color":"var(--ast-global-color-5)","background-image":"","background-repeat":"repeat","background-position":"center center","background-size":"auto","background-attachment":"scroll","background-type":"","background-media":"","overlay-type":"","overlay-color":"","overlay-opacity":"","overlay-gradient":""},"mobile":{"background-color":"var(--ast-global-color-5)","background-image":"","background-repeat":"repeat","background-position":"center center","background-size":"auto","background-attachment":"scroll","background-type":"","background-media":"","overlay-type":"","overlay-color":"","overlay-opacity":"","overlay-gradient":""}},"footnotes":""},"class_list":["post-1547","page","type-page","status-publish","hentry"],"jetpack_likes_enabled":true,"jetpack_sharing_enabled":true,"jetpack_shortlink":"https:\/\/wp.me\/P6YwxC-oX","post_mailing_queue_ids":[],"_links":{"self":[{"href":"https:\/\/mmp.atletaspopularesdeplasencia.com\/index.php?rest_route=\/wp\/v2\/pages\/1547","targetHints":{"allow":["GET"]}}],"collection":[{"href":"https:\/\/mmp.atletaspopularesdeplasencia.com\/index.php?rest_route=\/wp\/v2\/pages"}],"about":[{"href":"https:\/\/mmp.atletaspopularesdeplasencia.com\/index.php?rest_route=\/wp\/v2\/types\/page"}],"author":[{"embeddable":true,"href":"https:\/\/mmp.atletaspopularesdeplasencia.com\/index.php?rest_route=\/wp\/v2\/users\/1102"}],"replies":[{"embeddable":true,"href":"https:\/\/mmp.atletaspopularesdeplasencia.com\/index.php?rest_route=%2Fwp%2Fv2%2Fcomments&post=1547"}],"version-history":[{"count":20,"href":"https:\/\/mmp.atletaspopularesdeplasencia.com\/index.php?rest_route=\/wp\/v2\/pages\/1547\/revisions"}],"predecessor-version":[{"id":1971,"href":"https:\/\/mmp.atletaspopularesdeplasencia.com\/index.php?rest_route=\/wp\/v2\/pages\/1547\/revisions\/1971"}],"wp:attachment":[{"href":"https:\/\/mmp.atletaspopularesdeplasencia.com\/index.php?rest_route=%2Fwp%2Fv2%2Fmedia&parent=1547"}],"curies":[{"name":"wp","href":"https:\/\/api.w.org\/{rel}","templated":true}]}}