{"id":2,"date":"2015-11-22T18:25:15","date_gmt":"2015-11-22T18:25:15","guid":{"rendered":"http:\/\/mm.atletaspopularesdeplasencia.com\/?page_id=2"},"modified":"2025-11-08T13:26:21","modified_gmt":"2025-11-08T13:26:21","slug":"incripciones_24-page","status":"publish","type":"page","link":"https:\/\/mmp.atletaspopularesdeplasencia.com\/?page_id=2","title":{"rendered":"INSCRIPCIONES"},"content":{"rendered":"<h2><strong>CIERRE DE <a href=\"http:\/\/www.tucrono.es\">INSCRIPCIONES<\/a> D\u00cdA 29\/01\/2024 A LAS 12.00H.<\/strong><\/h2>\n<p><strong><em>Abrimos\u00a0 inscripciones el\u00a0 22\/11\/2023<\/em><\/strong>, la cuota de inscripci\u00f3n ser\u00e1 de 16 \u20ac siempre que se realice <strong>antes del 6 de enero de 2024<\/strong>, a partir de dicha fecha ser\u00e1 de <strong>18 \u20ac hasta el 20 de enero de 2024<\/strong> y una \u00faltima fecha desde el 21 de enero <strong>hasta el 29 de enero de 2024 a las 12:00h que sera de 20\u20ac<\/strong>. El pago de inscripci\u00f3n se realizar\u00e1 a trav\u00e9s\u00a0 de la plataforma online correspondiente. El orden de inscripci\u00f3n a todos los efectos ser\u00e1 el establecido en la orden de pago bancaria.<\/p>\n<p><strong><em>Las inscripciones se formalizar\u00e1n a trav\u00e9s de la plataforma online de <a href=\"https:\/\/eventos.runrunsports.com\/inscripcion\/x-media-maraton-popular-ciudad-de-plasencia\/modalidades\">Run Run Sport!<\/a> hasta el 29 de enero de 2024 a las 12:00 horas.<\/em><\/strong><\/p>\n<p>No se admitir\u00e1n inscripciones que no est\u00e9n debidamente cumplimentadas, las que sean ilegibles, ni las que se efect\u00faen fuera de plazo, debido al control inform\u00e1tico de la prueba. Se deber\u00e1 pagar la cuota en el momento de efectuar la inscripci\u00f3n y por ello no habr\u00e1 posibilidad de entregar ning\u00fan dorsal del que previamente no se haya ingresado la cuota.<\/p>\n<p>Se har\u00e1 una clasificaci\u00f3n de la prueba y no figurar\u00e1 en ella el\/la corredor\/a que finalice la prueba y no est\u00e9 inscrito, ni el inscrito que no finalice la prueba.<\/p>\n<p><a href=\"https:\/\/eventos.runrunsports.com\/inscripcion\/x-media-maraton-popular-ciudad-de-plasencia\/modalidades\"><img loading=\"lazy\" decoding=\"async\" class=\"aligncenter wp-image-1676 size-full\" src=\"https:\/\/mmp.atletaspopularesdeplasencia.com\/wp-content\/uploads\/sites\/2\/2022\/11\/run-run-sport.png\" alt=\"\" width=\"183\" height=\"83\" \/><\/a><\/p>\n","protected":false},"excerpt":{"rendered":"<p>CIERRE DE INSCRIPCIONES D\u00cdA 29\/01\/2024 A LAS 12.00H. Abrimos\u00a0 inscripciones el\u00a0 22\/11\/2023, la cuota de inscripci\u00f3n ser\u00e1 de 16 \u20ac siempre que se realice antes del 6 de enero de 2024, a partir de dicha fecha ser\u00e1 de 18 \u20ac hasta el 20 de enero de 2024 y una \u00faltima fecha desde el 21 de [&hellip;]<\/p>\n","protected":false},"author":1,"featured_media":0,"parent":0,"menu_order":0,"comment_status":"closed","ping_status":"open","template":"","meta":{"site-sidebar-layout":"default","site-content-layout":"","ast-site-content-layout":"default","site-content-style":"default","site-sidebar-style":"default","ast-global-header-display":"","ast-banner-title-visibility":"","ast-main-header-display":"","ast-hfb-above-header-display":"","ast-hfb-below-header-display":"","ast-hfb-mobile-header-display":"","site-post-title":"","ast-breadcrumbs-content":"","ast-featured-img":"","footer-sml-layout":"","ast-disable-related-posts":"","theme-transparent-header-meta":"","adv-header-id-meta":"","stick-header-meta":"","header-above-stick-meta":"","header-main-stick-meta":"","header-below-stick-meta":"","astra-migrate-meta-layouts":"default","ast-page-background-enabled":"default","ast-page-background-meta":{"desktop":{"background-color":"var(--ast-global-color-4)","background-image":"","background-repeat":"repeat","background-position":"center center","background-size":"auto","background-attachment":"scroll","background-type":"","background-media":"","overlay-type":"","overlay-color":"","overlay-opacity":"","overlay-gradient":""},"tablet":{"background-color":"","background-image":"","background-repeat":"repeat","background-position":"center center","background-size":"auto","background-attachment":"scroll","background-type":"","background-media":"","overlay-type":"","overlay-color":"","overlay-opacity":"","overlay-gradient":""},"mobile":{"background-color":"","background-image":"","background-repeat":"repeat","background-position":"center center","background-size":"auto","background-attachment":"scroll","background-type":"","background-media":"","overlay-type":"","overlay-color":"","overlay-opacity":"","overlay-gradient":""}},"ast-content-background-meta":{"desktop":{"background-color":"var(--ast-global-color-5)","background-image":"","background-repeat":"repeat","background-position":"center center","background-size":"auto","background-attachment":"scroll","background-type":"","background-media":"","overlay-type":"","overlay-color":"","overlay-opacity":"","overlay-gradient":""},"tablet":{"background-color":"var(--ast-global-color-5)","background-image":"","background-repeat":"repeat","background-position":"center center","background-size":"auto","background-attachment":"scroll","background-type":"","background-media":"","overlay-type":"","overlay-color":"","overlay-opacity":"","overlay-gradient":""},"mobile":{"background-color":"var(--ast-global-color-5)","background-image":"","background-repeat":"repeat","background-position":"center center","background-size":"auto","background-attachment":"scroll","background-type":"","background-media":"","overlay-type":"","overlay-color":"","overlay-opacity":"","overlay-gradient":""}},"footnotes":""},"class_list":["post-2","page","type-page","status-publish","hentry"],"jetpack_likes_enabled":true,"jetpack_sharing_enabled":true,"jetpack_shortlink":"https:\/\/wp.me\/P6YwxC-2","post_mailing_queue_ids":[],"_links":{"self":[{"href":"https:\/\/mmp.atletaspopularesdeplasencia.com\/index.php?rest_route=\/wp\/v2\/pages\/2","targetHints":{"allow":["GET"]}}],"collection":[{"href":"https:\/\/mmp.atletaspopularesdeplasencia.com\/index.php?rest_route=\/wp\/v2\/pages"}],"about":[{"href":"https:\/\/mmp.atletaspopularesdeplasencia.com\/index.php?rest_route=\/wp\/v2\/types\/page"}],"author":[{"embeddable":true,"href":"https:\/\/mmp.atletaspopularesdeplasencia.com\/index.php?rest_route=\/wp\/v2\/users\/1"}],"replies":[{"embeddable":true,"href":"https:\/\/mmp.atletaspopularesdeplasencia.com\/index.php?rest_route=%2Fwp%2Fv2%2Fcomments&post=2"}],"version-history":[{"count":32,"href":"https:\/\/mmp.atletaspopularesdeplasencia.com\/index.php?rest_route=\/wp\/v2\/pages\/2\/revisions"}],"predecessor-version":[{"id":1842,"href":"https:\/\/mmp.atletaspopularesdeplasencia.com\/index.php?rest_route=\/wp\/v2\/pages\/2\/revisions\/1842"}],"wp:attachment":[{"href":"https:\/\/mmp.atletaspopularesdeplasencia.com\/index.php?rest_route=%2Fwp%2Fv2%2Fmedia&parent=2"}],"curies":[{"name":"wp","href":"https:\/\/api.w.org\/{rel}","templated":true}]}}