{"id":28,"date":"2015-11-22T21:32:24","date_gmt":"2015-11-22T21:32:24","guid":{"rendered":"http:\/\/mm.atletaspopularesdeplasencia.com\/?page_id=28"},"modified":"2024-12-04T08:36:06","modified_gmt":"2024-12-04T08:36:06","slug":"home-2","status":"publish","type":"page","link":"https:\/\/mmp.atletaspopularesdeplasencia.com\/?page_id=28","title":{"rendered":"RECORRIDO"},"content":{"rendered":"<p><a href=\"https:\/\/mmp.atletaspopularesdeplasencia.com\/wp-content\/uploads\/sites\/2\/2015\/11\/DSC_8800.jpg\"><img loading=\"lazy\" decoding=\"async\" class=\"alignleft wp-image-207 size-medium\" src=\"https:\/\/mmp.atletaspopularesdeplasencia.com\/wp-content\/uploads\/sites\/2\/2015\/11\/DSC_8800-300x199.jpg\" alt=\"DSC_8800\" width=\"300\" height=\"199\" srcset=\"https:\/\/mmp.atletaspopularesdeplasencia.com\/wp-content\/uploads\/sites\/2\/2015\/11\/DSC_8800-300x199.jpg 300w, https:\/\/mmp.atletaspopularesdeplasencia.com\/wp-content\/uploads\/sites\/2\/2015\/11\/DSC_8800-1024x680.jpg 1024w\" sizes=\"auto, (max-width: 300px) 100vw, 300px\" \/><\/a>Un recorrido de 21,097 kil\u00f3metros espectaculares, recorriendo los lugares m\u00e1s emblem\u00e1ticos de la ciudad&#8230; Correr por su parques, rozar los muros de la Catedral o recorrer su magn\u00edfico Paseo Fluvial&#8230;<\/p>\n<p><strong>El callejero previsto es el siguiente:<\/strong> Avda. de la Hispanidad (SALIDA), Avda. de Salamanca, Cruce Parque Infantil de Tr\u00e1fico, Arcos de San Ant\u00f3n, Avda. Juan Carlos I, Avda. del Puerto, Ca\u00f1ada Real, Avda. Villa La Mazuela, Avda. Las Acacias, Obispo Cipriano Calder\u00f3n Polo, Ca\u00f1ada Real, Avda. de la Hispanidad, Arcos de San Ant\u00f3n (Parque), Ronda del Salvador, Puerta Berrozana, Higuerillas, Bajada San L\u00e1zaro, Puente San L\u00e1zaro, Mill\u00e1n Astray, Avda. R\u00edo Jerte, Paseo de la Ribera, Carretera de Malpartida, Paseo del Arroyo niebla, Traves\u00eda Obispo Laso (Parque El Cach\u00f3n), Paseo de R\u00edo Jerte, Puente de la Vinosilla, Parque de la Isla, Diego de Jerez, Puente Trujillo, Ca\u00f1\u00f3n de la Salud, Ancha, R\u00faa Zapater\u00eda, Plaza Mayor, Trujillo, Blanca, Las Claras, Encarnaci\u00f3n, Talavera, Plaza Mayor, Sol, Avda. de la Salle, San Calixto, Ordenes Militares, Avda. Virgen del Puerto, Avda. de la Hispanidad (META).<\/p>\n<h2>Recorrido 21k<\/h2>\n<div class=\"strava-embed-placeholder\" data-embed-type=\"route\" data-embed-id=\"3289935860210249970\" data-full-width=\"true\" data-style=\"hybrid\" data-map-hash=\"11.2\/40.0297\/-6.0805\" data-club-id=\"1099480\" data-from-embed=\"true\"><\/div>\n<p><script src=\"https:\/\/strava-embeds.com\/embed.js\"><\/script><\/p>\n<h2>Recorrido 10k<\/h2>\n<div class=\"strava-embed-placeholder\" data-embed-type=\"route\" data-embed-id=\"3295704178516101500\" data-full-width=\"true\" data-style=\"standard\" data-map-hash=\"12.12\/40.02465\/-6.09342\" data-from-embed=\"true\"><\/div>\n<p><script src=\"https:\/\/strava-embeds.com\/embed.js\"><\/script><\/p>\n","protected":false},"excerpt":{"rendered":"<p>Un recorrido de 21,097 kil\u00f3metros espectaculares, recorriendo los lugares m\u00e1s emblem\u00e1ticos de la ciudad&#8230; Correr por su parques, rozar los muros de la Catedral o recorrer su magn\u00edfico Paseo Fluvial&#8230; El callejero previsto es el siguiente: Avda. de la Hispanidad (SALIDA), Avda. de Salamanca, Cruce Parque Infantil de Tr\u00e1fico, Arcos de San Ant\u00f3n, Avda. Juan [&hellip;]<\/p>\n","protected":false},"author":1101,"featured_media":0,"parent":0,"menu_order":0,"comment_status":"closed","ping_status":"closed","template":"","meta":{"site-sidebar-layout":"default","site-content-layout":"","ast-site-content-layout":"default","site-content-style":"default","site-sidebar-style":"default","ast-global-header-display":"","ast-banner-title-visibility":"","ast-main-header-display":"","ast-hfb-above-header-display":"","ast-hfb-below-header-display":"","ast-hfb-mobile-header-display":"","site-post-title":"","ast-breadcrumbs-content":"","ast-featured-img":"","footer-sml-layout":"","ast-disable-related-posts":"","theme-transparent-header-meta":"default","adv-header-id-meta":"","stick-header-meta":"","header-above-stick-meta":"","header-main-stick-meta":"","header-below-stick-meta":"","astra-migrate-meta-layouts":"set","ast-page-background-enabled":"default","ast-page-background-meta":{"desktop":{"background-color":"var(--ast-global-color-4)","background-image":"","background-repeat":"repeat","background-position":"center center","background-size":"auto","background-attachment":"scroll","background-type":"","background-media":"","overlay-type":"","overlay-color":"","overlay-opacity":"","overlay-gradient":""},"tablet":{"background-color":"","background-image":"","background-repeat":"repeat","background-position":"center center","background-size":"auto","background-attachment":"scroll","background-type":"","background-media":"","overlay-type":"","overlay-color":"","overlay-opacity":"","overlay-gradient":""},"mobile":{"background-color":"","background-image":"","background-repeat":"repeat","background-position":"center center","background-size":"auto","background-attachment":"scroll","background-type":"","background-media":"","overlay-type":"","overlay-color":"","overlay-opacity":"","overlay-gradient":""}},"ast-content-background-meta":{"desktop":{"background-color":"var(--ast-global-color-5)","background-image":"","background-repeat":"repeat","background-position":"center center","background-size":"auto","background-attachment":"scroll","background-type":"","background-media":"","overlay-type":"","overlay-color":"","overlay-opacity":"","overlay-gradient":""},"tablet":{"background-color":"var(--ast-global-color-5)","background-image":"","background-repeat":"repeat","background-position":"center center","background-size":"auto","background-attachment":"scroll","background-type":"","background-media":"","overlay-type":"","overlay-color":"","overlay-opacity":"","overlay-gradient":""},"mobile":{"background-color":"var(--ast-global-color-5)","background-image":"","background-repeat":"repeat","background-position":"center center","background-size":"auto","background-attachment":"scroll","background-type":"","background-media":"","overlay-type":"","overlay-color":"","overlay-opacity":"","overlay-gradient":""}},"footnotes":""},"class_list":["post-28","page","type-page","status-publish","hentry"],"jetpack_likes_enabled":true,"jetpack_sharing_enabled":true,"jetpack_shortlink":"https:\/\/wp.me\/P6YwxC-s","post_mailing_queue_ids":[],"_links":{"self":[{"href":"https:\/\/mmp.atletaspopularesdeplasencia.com\/index.php?rest_route=\/wp\/v2\/pages\/28","targetHints":{"allow":["GET"]}}],"collection":[{"href":"https:\/\/mmp.atletaspopularesdeplasencia.com\/index.php?rest_route=\/wp\/v2\/pages"}],"about":[{"href":"https:\/\/mmp.atletaspopularesdeplasencia.com\/index.php?rest_route=\/wp\/v2\/types\/page"}],"author":[{"embeddable":true,"href":"https:\/\/mmp.atletaspopularesdeplasencia.com\/index.php?rest_route=\/wp\/v2\/users\/1101"}],"replies":[{"embeddable":true,"href":"https:\/\/mmp.atletaspopularesdeplasencia.com\/index.php?rest_route=%2Fwp%2Fv2%2Fcomments&post=28"}],"version-history":[{"count":18,"href":"https:\/\/mmp.atletaspopularesdeplasencia.com\/index.php?rest_route=\/wp\/v2\/pages\/28\/revisions"}],"predecessor-version":[{"id":1979,"href":"https:\/\/mmp.atletaspopularesdeplasencia.com\/index.php?rest_route=\/wp\/v2\/pages\/28\/revisions\/1979"}],"wp:attachment":[{"href":"https:\/\/mmp.atletaspopularesdeplasencia.com\/index.php?rest_route=%2Fwp%2Fv2%2Fmedia&parent=28"}],"curies":[{"name":"wp","href":"https:\/\/api.w.org\/{rel}","templated":true}]}}