{"id":566,"date":"2016-12-23T19:11:17","date_gmt":"2016-12-23T19:11:17","guid":{"rendered":"http:\/\/mm.atletaspopularesdeplasencia.com\/?page_id=566"},"modified":"2025-11-08T13:26:21","modified_gmt":"2025-11-08T13:26:21","slug":"alojamiento","status":"publish","type":"page","link":"https:\/\/mmp.atletaspopularesdeplasencia.com\/?page_id=566","title":{"rendered":"ALOJAMIENTO"},"content":{"rendered":"<p>Estos son los establecimientos colaboradores con la IX Media Marat\u00f3n Ciudad de Plasencia. El organizador del evento \u00abClub Atletas Populares de Plasencia\u00bb est\u00e1 desvinculado de estas promociones. Las ofertas y\/o servicios contratados con los alojamientos est\u00e1n sujetos a las normas de dichos establecimientos. Haz un clic sobre la opci\u00f3n para m\u00e1s informaci\u00f3n.<\/p>\r\n<p><a href=\"https:\/\/hostalreal.com\/\"><img loading=\"lazy\" decoding=\"async\" class=\"\" src=\"https:\/\/mmp.atletaspopularesdeplasencia.com\/wp-content\/uploads\/sites\/2\/2015\/11\/011.jpg\" width=\"375\" height=\"132\" \/><\/a><\/p>\r\n<p><a href=\"http:\/\/www.9nidos.es\"><img loading=\"lazy\" decoding=\"async\" class=\"alignnone  wp-image-1744\" src=\"https:\/\/mmp.atletaspopularesdeplasencia.com\/wp-content\/uploads\/sites\/2\/2023\/01\/NUEVE-NIDOS.jpg\" alt=\"\" width=\"373\" height=\"138\" \/><\/a><\/p>\r\n<p>&nbsp;<\/p>\r\n<p><a href=\"http:\/\/www.hostalgoyesco.es\/\" target=\"_blank\" rel=\"noopener noreferrer\"><img loading=\"lazy\" decoding=\"async\" class=\"alignnone  wp-image-311\" src=\"https:\/\/mmp.atletaspopularesdeplasencia.com\/wp-content\/uploads\/sites\/2\/2015\/11\/041.jpg\" alt=\"04\" width=\"375\" height=\"130\" \/><\/a><\/p>\r\n<p>&nbsp;<\/p>\r\n\r\n<figure class=\"wp-block-image\"><a href=\"https:\/\/www.palaciocarvajalgiron.com\/\"><img loading=\"lazy\" decoding=\"async\" class=\"wp-image-302\" src=\"https:\/\/mmp.atletaspopularesdeplasencia.com\/wp-content\/uploads\/sites\/2\/2015\/11\/Palacio-Carvajal-1024x333.jpg\" alt=\"\" width=\"370\" height=\"128\" \/><\/a><\/figure>\r\n<figure><\/figure>\r\n<figure class=\"wp-block-image\"><\/figure>\r\n","protected":false},"excerpt":{"rendered":"<p>Estos son los establecimientos colaboradores con la IX Media Marat\u00f3n Ciudad de Plasencia. El organizador del evento \u00abClub Atletas Populares de Plasencia\u00bb est\u00e1 desvinculado de estas promociones. Las ofertas y\/o servicios contratados con los alojamientos est\u00e1n sujetos a las normas de dichos establecimientos. Haz un clic sobre la opci\u00f3n para m\u00e1s informaci\u00f3n. &nbsp; &nbsp;<\/p>\n","protected":false},"author":1,"featured_media":0,"parent":0,"menu_order":0,"comment_status":"closed","ping_status":"closed","template":"","meta":{"site-sidebar-layout":"default","site-content-layout":"","ast-site-content-layout":"default","site-content-style":"default","site-sidebar-style":"default","ast-global-header-display":"","ast-banner-title-visibility":"","ast-main-header-display":"","ast-hfb-above-header-display":"","ast-hfb-below-header-display":"","ast-hfb-mobile-header-display":"","site-post-title":"","ast-breadcrumbs-content":"","ast-featured-img":"","footer-sml-layout":"","ast-disable-related-posts":"","theme-transparent-header-meta":"","adv-header-id-meta":"","stick-header-meta":"","header-above-stick-meta":"","header-main-stick-meta":"","header-below-stick-meta":"","astra-migrate-meta-layouts":"default","ast-page-background-enabled":"default","ast-page-background-meta":{"desktop":{"background-color":"var(--ast-global-color-4)","background-image":"","background-repeat":"repeat","background-position":"center center","background-size":"auto","background-attachment":"scroll","background-type":"","background-media":"","overlay-type":"","overlay-color":"","overlay-opacity":"","overlay-gradient":""},"tablet":{"background-color":"","background-image":"","background-repeat":"repeat","background-position":"center center","background-size":"auto","background-attachment":"scroll","background-type":"","background-media":"","overlay-type":"","overlay-color":"","overlay-opacity":"","overlay-gradient":""},"mobile":{"background-color":"","background-image":"","background-repeat":"repeat","background-position":"center center","background-size":"auto","background-attachment":"scroll","background-type":"","background-media":"","overlay-type":"","overlay-color":"","overlay-opacity":"","overlay-gradient":""}},"ast-content-background-meta":{"desktop":{"background-color":"var(--ast-global-color-5)","background-image":"","background-repeat":"repeat","background-position":"center center","background-size":"auto","background-attachment":"scroll","background-type":"","background-media":"","overlay-type":"","overlay-color":"","overlay-opacity":"","overlay-gradient":""},"tablet":{"background-color":"var(--ast-global-color-5)","background-image":"","background-repeat":"repeat","background-position":"center center","background-size":"auto","background-attachment":"scroll","background-type":"","background-media":"","overlay-type":"","overlay-color":"","overlay-opacity":"","overlay-gradient":""},"mobile":{"background-color":"var(--ast-global-color-5)","background-image":"","background-repeat":"repeat","background-position":"center center","background-size":"auto","background-attachment":"scroll","background-type":"","background-media":"","overlay-type":"","overlay-color":"","overlay-opacity":"","overlay-gradient":""}},"footnotes":""},"class_list":["post-566","page","type-page","status-publish","hentry"],"jetpack_likes_enabled":true,"jetpack_sharing_enabled":true,"jetpack_shortlink":"https:\/\/wp.me\/P6YwxC-98","post_mailing_queue_ids":[],"_links":{"self":[{"href":"https:\/\/mmp.atletaspopularesdeplasencia.com\/index.php?rest_route=\/wp\/v2\/pages\/566","targetHints":{"allow":["GET"]}}],"collection":[{"href":"https:\/\/mmp.atletaspopularesdeplasencia.com\/index.php?rest_route=\/wp\/v2\/pages"}],"about":[{"href":"https:\/\/mmp.atletaspopularesdeplasencia.com\/index.php?rest_route=\/wp\/v2\/types\/page"}],"author":[{"embeddable":true,"href":"https:\/\/mmp.atletaspopularesdeplasencia.com\/index.php?rest_route=\/wp\/v2\/users\/1"}],"replies":[{"embeddable":true,"href":"https:\/\/mmp.atletaspopularesdeplasencia.com\/index.php?rest_route=%2Fwp%2Fv2%2Fcomments&post=566"}],"version-history":[{"count":34,"href":"https:\/\/mmp.atletaspopularesdeplasencia.com\/index.php?rest_route=\/wp\/v2\/pages\/566\/revisions"}],"predecessor-version":[{"id":1753,"href":"https:\/\/mmp.atletaspopularesdeplasencia.com\/index.php?rest_route=\/wp\/v2\/pages\/566\/revisions\/1753"}],"wp:attachment":[{"href":"https:\/\/mmp.atletaspopularesdeplasencia.com\/index.php?rest_route=%2Fwp%2Fv2%2Fmedia&parent=566"}],"curies":[{"name":"wp","href":"https:\/\/api.w.org\/{rel}","templated":true}]}}